{"id":80,"date":"2018-11-27T18:36:30","date_gmt":"2018-11-27T18:36:30","guid":{"rendered":"http:\/\/casadasresistencias.pt\/wp\/?page_id=80"},"modified":"2019-10-02T10:08:23","modified_gmt":"2019-10-02T10:08:23","slug":"resistencias-de-imersao-banhos-galvanicos","status":"publish","type":"page","link":"https:\/\/casadasresistencias.pt\/produtos\/resistencias-de-imersao-banhos-galvanicos\/","title":{"rendered":"Resist\u00eancias de Imers\u00e3o Banhos Galv\u00e2nicos"},"content":{"rendered":"<h2><\/h2>\n<p>Estas resist\u00eancias tubulares, s\u00e3o elementos que est\u00e3o preparados para trabalharem no aquecimento de l\u00edquidos agressivos. Dependendo do tipo de liquido a aquecer podem ser fabricas em <strong>TITANEO, A\u00c7O INOX AISI-316, A\u00c7O INOX COBERTO A TEFLON. <\/strong><\/p>\n<p>As resist\u00eancias cobertas a PTFE est\u00e3o especialmente desenhadas para aquecer uma grande variedade de l\u00edquidos agressivos a excep\u00e7\u00e3o do <strong>\u00e1cido fluor\u00eddrico<\/strong>. A escolha destas resist\u00eancias deve estar baseada nas condi\u00e7\u00f5es de trabalho, recomenda\u00e7\u00f5es do fabricante do produto ou ent\u00e3o em testes preliminares.<\/p>\n<p><strong>Caracter\u00edsticas gerais<\/strong><\/p>\n<ul>\n<li>Punho herm\u00e9tico em resina fundida IP-67<\/li>\n<li>Cabo de liga\u00e7\u00e3o em borracha de silicone 2 fios + condutor de terra<\/li>\n<li>Tens\u00e3o de funcionamento 230v<\/li>\n<\/ul>\n<p><img loading=\"lazy\" decoding=\"async\" class=\"size-medium wp-image-92 aligncenter\" src=\"http:\/\/casadasresistencias.pt\/wp\/wp-content\/uploads\/2018\/11\/126133-300x225.jpg\" alt=\"\" width=\"300\" height=\"225\" srcset=\"https:\/\/casadasresistencias.pt\/wp\/wp-content\/uploads\/2018\/11\/126133-300x225.jpg 300w, https:\/\/casadasresistencias.pt\/wp\/wp-content\/uploads\/2018\/11\/126133-768x576.jpg 768w, https:\/\/casadasresistencias.pt\/wp\/wp-content\/uploads\/2018\/11\/126133-1024x768.jpg 1024w\" sizes=\"auto, (max-width: 300px) 100vw, 300px\" \/><\/p>\n<h2>ELEMENTOS CER\u00c2MICOS EM BAINHA<\/h2>\n<p>Este tipo de resist\u00eancias est\u00e3o preparados para o aquecimento de diversos tipo de subst\u00e2ncias ou l\u00edquidos em banhos qu\u00edmicos ou electrol\u00edticos e no recobrimento de superf\u00edcie. Dependendo do tipo de banho onde aplicar estas resist\u00eancias devemos escolher a bainha mais adequada para esse fim.<\/p>\n<p><strong>Caracter\u00edsticas gerais<\/strong><\/p>\n<ul>\n<li>Elemento de aquecimento aplicado em suporte cer\u00e2mico e fio resistivo CrNi<\/li>\n<li>Cabe\u00e7o de em borracha para bainhas com o \u00d855mm<\/li>\n<li>Cabo de liga\u00e7\u00e3o com 1,5m \u2013 2 fios + terra<\/li>\n<li>Bainha em \u201cPyrex\u201d<\/li>\n<\/ul>\n<p>Sobre encomenda podemos fornecer estas resist\u00eancias com as bainhas fabricadas em diferente material: <strong>Tit\u00e2nio, Quartzo, AISI-316, Porcelana, Teflon, Chumbo<\/strong><\/p>\n<p><img loading=\"lazy\" decoding=\"async\" class=\"size-full wp-image-126 aligncenter\" src=\"http:\/\/casadasresistencias.pt\/wp\/wp-content\/uploads\/2018\/11\/bainha.png\" alt=\"\" width=\"211\" height=\"228\" \/><\/p>\n<p>Para mais informa\u00e7\u00f5es pe\u00e7a os nossos folhetos informativos<\/p>\n<ul>\n<li>Modelos e pot\u00eancias normalizadas \u2013 RIBG01<\/li>\n<li>Tabela de equival\u00eancia (Banho\/Resist\u00eancia) e modo de aplica\u00e7\u00e3o<\/li>\n<\/ul>\n<p>&nbsp;<\/p>\n","protected":false},"excerpt":{"rendered":"<p>Estas resist\u00eancias tubulares, s\u00e3o elementos que est\u00e3o preparados para trabalharem no aquecimento de l\u00edquidos agressivos. Dependendo do tipo de liquido a aquecer podem ser fabricas em TITANEO, A\u00c7O INOX AISI-316, A\u00c7O INOX COBERTO A TEFLON. As resist\u00eancias cobertas a PTFE est\u00e3o especialmente desenhadas para aquecer uma grande variedade de l\u00edquidos agressivos a excep\u00e7\u00e3o do \u00e1cido<a class=\"moretag\" href=\"https:\/\/casadasresistencias.pt\/produtos\/resistencias-de-imersao-banhos-galvanicos\/\"><span class=\"screen-reader-text\">Read more about Resist\u00eancias de Imers\u00e3o Banhos Galv\u00e2nicos<\/span>[&#8230;]<\/a><\/p>\n","protected":false},"author":3,"featured_media":69,"parent":119,"menu_order":0,"comment_status":"closed","ping_status":"closed","template":"","meta":{"footnotes":""},"class_list":["post-80","page","type-page","status-publish","has-post-thumbnail","hentry"],"_links":{"self":[{"href":"https:\/\/casadasresistencias.pt\/wp-json\/wp\/v2\/pages\/80","targetHints":{"allow":["GET"]}}],"collection":[{"href":"https:\/\/casadasresistencias.pt\/wp-json\/wp\/v2\/pages"}],"about":[{"href":"https:\/\/casadasresistencias.pt\/wp-json\/wp\/v2\/types\/page"}],"author":[{"embeddable":true,"href":"https:\/\/casadasresistencias.pt\/wp-json\/wp\/v2\/users\/3"}],"replies":[{"embeddable":true,"href":"https:\/\/casadasresistencias.pt\/wp-json\/wp\/v2\/comments?post=80"}],"version-history":[{"count":9,"href":"https:\/\/casadasresistencias.pt\/wp-json\/wp\/v2\/pages\/80\/revisions"}],"predecessor-version":[{"id":195,"href":"https:\/\/casadasresistencias.pt\/wp-json\/wp\/v2\/pages\/80\/revisions\/195"}],"up":[{"embeddable":true,"href":"https:\/\/casadasresistencias.pt\/wp-json\/wp\/v2\/pages\/119"}],"wp:featuredmedia":[{"embeddable":true,"href":"https:\/\/casadasresistencias.pt\/wp-json\/wp\/v2\/media\/69"}],"wp:attachment":[{"href":"https:\/\/casadasresistencias.pt\/wp-json\/wp\/v2\/media?parent=80"}],"curies":[{"name":"wp","href":"https:\/\/api.w.org\/{rel}","templated":true}]}}