{"id":176,"date":"2018-11-28T16:30:14","date_gmt":"2018-11-28T16:30:14","guid":{"rendered":"http:\/\/casadasresistencias.pt\/wp\/?page_id=176"},"modified":"2018-11-28T17:26:19","modified_gmt":"2018-11-28T17:26:19","slug":"resistencias-hermeticas-tipo-abracadeira-modelo-bb","status":"publish","type":"page","link":"https:\/\/casadasresistencias.pt\/produtos\/resistencias-hermeticas-tipo-abracadeira-modelo-bb\/","title":{"rendered":"Resist\u00eancias Herm\u00e9ticas Tipo Abra\u00e7adeira Modelo BB"},"content":{"rendered":"<p>Devido ao seu princ\u00edpio de fabrico, totalmente blindada em tubo de lat\u00e3o e caixa de liga\u00e7\u00e3o soldada, permitem que este tipo de resist\u00eancias tenham uma total hermeticidade\u00a0 e que possam ser usadas nas boquilhas de injec\u00e7\u00e3o de pl\u00e1stico onde as condi\u00e7\u00f5es de trabalho s\u00e3o bastante duras para as resist\u00eancias.<\/p>\n<p><strong>Caracter\u00edsticas T\u00e9cnicas <\/strong><\/p>\n<ul>\n<li>Di\u00e2metro m\u00ednimo: \u00d825mm<\/li>\n<li>Altura m\u00ednima: 30mm<\/li>\n<li>Elemento resistivo: 80\/20<\/li>\n<li>Isolamento el\u00e9ctrico: micanite<\/li>\n<li>Cabo de liga\u00e7\u00e3o: cabo em n\u00edquel isolado a fibra de vidro e malha met\u00e1lica<\/li>\n<\/ul>\n<p>Para mais informa\u00e7\u00f5es consulte o ficheiro t\u00e9cnico em <a href=\"http:\/\/casadasresistencias.pt\/wp\/wp-content\/uploads\/2018\/11\/Abra\u00e7adeira-hermetica.pdf\" target=\"_blank\" rel=\"noopener\">anexo<\/a>.<\/p>\n<p><img loading=\"lazy\" decoding=\"async\" class=\"size-medium wp-image-186 aligncenter\" src=\"http:\/\/casadasresistencias.pt\/wp\/wp-content\/uploads\/2018\/11\/hermetica-197x300.jpg\" alt=\"\" width=\"197\" height=\"300\" srcset=\"https:\/\/casadasresistencias.pt\/wp\/wp-content\/uploads\/2018\/11\/hermetica-197x300.jpg 197w, https:\/\/casadasresistencias.pt\/wp\/wp-content\/uploads\/2018\/11\/hermetica.jpg 283w\" sizes=\"auto, (max-width: 197px) 100vw, 197px\" \/><\/p>\n<!-- WP Attachments -->\r\n        <div style=\"width:100%;margin:10px 0 10px 0;\">\r\n            <h3>Anexos<\/h3>\r\n        <ul class=\"post-attachments\"><li class=\"post-attachment mime-application-pdf\"><a target=\"_blank\" rel=\"noopener noreferrer\" href=\"https:\/\/casadasresistencias.pt\/wp\/wp-content\/uploads\/2018\/11\/Abra\u00e7adeira-hermetica.pdf\">Abra\u00e7adeira herm\u00e9tica<\/a> <small>(230 kB)<\/small><\/li><\/ul><\/div>","protected":false},"excerpt":{"rendered":"<p>Devido ao seu princ\u00edpio de fabrico, totalmente blindada em tubo de lat\u00e3o e caixa de liga\u00e7\u00e3o soldada, permitem que este tipo de resist\u00eancias tenham uma total hermeticidade\u00a0 e que possam ser usadas nas boquilhas de injec\u00e7\u00e3o de pl\u00e1stico onde as condi\u00e7\u00f5es de trabalho s\u00e3o bastante duras para as resist\u00eancias. Caracter\u00edsticas T\u00e9cnicas Di\u00e2metro m\u00ednimo: \u00d825mm Altura<a class=\"moretag\" href=\"https:\/\/casadasresistencias.pt\/produtos\/resistencias-hermeticas-tipo-abracadeira-modelo-bb\/\"><span class=\"screen-reader-text\">Read more about Resist\u00eancias Herm\u00e9ticas Tipo Abra\u00e7adeira Modelo BB<\/span>[&#8230;]<\/a><\/p>\n","protected":false},"author":3,"featured_media":0,"parent":119,"menu_order":0,"comment_status":"closed","ping_status":"closed","template":"","meta":{"footnotes":""},"class_list":["post-176","page","type-page","status-publish","hentry"],"_links":{"self":[{"href":"https:\/\/casadasresistencias.pt\/wp-json\/wp\/v2\/pages\/176","targetHints":{"allow":["GET"]}}],"collection":[{"href":"https:\/\/casadasresistencias.pt\/wp-json\/wp\/v2\/pages"}],"about":[{"href":"https:\/\/casadasresistencias.pt\/wp-json\/wp\/v2\/types\/page"}],"author":[{"embeddable":true,"href":"https:\/\/casadasresistencias.pt\/wp-json\/wp\/v2\/users\/3"}],"replies":[{"embeddable":true,"href":"https:\/\/casadasresistencias.pt\/wp-json\/wp\/v2\/comments?post=176"}],"version-history":[{"count":4,"href":"https:\/\/casadasresistencias.pt\/wp-json\/wp\/v2\/pages\/176\/revisions"}],"predecessor-version":[{"id":187,"href":"https:\/\/casadasresistencias.pt\/wp-json\/wp\/v2\/pages\/176\/revisions\/187"}],"up":[{"embeddable":true,"href":"https:\/\/casadasresistencias.pt\/wp-json\/wp\/v2\/pages\/119"}],"wp:attachment":[{"href":"https:\/\/casadasresistencias.pt\/wp-json\/wp\/v2\/media?parent=176"}],"curies":[{"name":"wp","href":"https:\/\/api.w.org\/{rel}","templated":true}]}}